{"id":1669,"date":"2024-08-09T14:55:09","date_gmt":"2024-08-09T12:55:09","guid":{"rendered":"https:\/\/audreylheureux.com\/?page_id=1669"},"modified":"2025-04-09T18:39:07","modified_gmt":"2025-04-09T16:39:07","slug":"qui-suis-je","status":"publish","type":"page","link":"https:\/\/audreylheureux.com\/?page_id=1669","title":{"rendered":"Qui suis-je ?"},"content":{"rendered":"\n<h2 class=\"wp-block-heading has-text-align-center has-nv-c-2-color has-text-color has-x-large-font-size\">Qui suis-je ?<\/h2>\n\n\n\n<div class=\"wp-block-columns has-background is-layout-flex wp-container-core-columns-is-layout-9d6595d7 wp-block-columns-is-layout-flex\" style=\"background-color:#89ac8b\">\n<div class=\"wp-block-column has-nv-site-bg-color has-text-color is-layout-flow wp-block-column-is-layout-flow\"><div class=\"wp-block-image\">\n<figure class=\"aligncenter size-full is-resized\"><img loading=\"lazy\" decoding=\"async\" width=\"500\" height=\"500\" src=\"https:\/\/audreylheureux.com\/wp-content\/uploads\/2024\/12\/profil-bleu-3.png\" alt=\"\" class=\"wp-image-1747\" style=\"aspect-ratio:1;width:207px;height:auto\" srcset=\"https:\/\/audreylheureux.com\/wp-content\/uploads\/2024\/12\/profil-bleu-3.png 500w, https:\/\/audreylheureux.com\/wp-content\/uploads\/2024\/12\/profil-bleu-3-300x300.png 300w, https:\/\/audreylheureux.com\/wp-content\/uploads\/2024\/12\/profil-bleu-3-150x150.png 150w, https:\/\/audreylheureux.com\/wp-content\/uploads\/2024\/12\/profil-bleu-3-100x100.png 100w\" sizes=\"auto, (max-width: 500px) 100vw, 500px\" \/><\/figure>\n<\/div>\n\n<div class=\"wp-block-image\">\n<figure class=\"aligncenter size-full is-resized\"><img loading=\"lazy\" decoding=\"async\" width=\"600\" height=\"600\" src=\"https:\/\/audreylheureux.com\/wp-content\/uploads\/2025\/04\/signature-3.png\" alt=\"\" class=\"wp-image-1984\" style=\"width:296px;height:auto\" srcset=\"https:\/\/audreylheureux.com\/wp-content\/uploads\/2025\/04\/signature-3.png 600w, https:\/\/audreylheureux.com\/wp-content\/uploads\/2025\/04\/signature-3-300x300.png 300w, https:\/\/audreylheureux.com\/wp-content\/uploads\/2025\/04\/signature-3-150x150.png 150w, https:\/\/audreylheureux.com\/wp-content\/uploads\/2025\/04\/signature-3-100x100.png 100w\" sizes=\"auto, (max-width: 600px) 100vw, 600px\" \/><\/figure>\n<\/div>\n\n\n<p class=\"has-text-align-justify\">MON PARCOURS PROFESSIONNEL : dipl\u00f4m\u00e9e d&rsquo;un DESS en psychologie de l&rsquo;\u00e9ducation puis devenue enseignante et m\u00e8re d&rsquo;enfant en difficult\u00e9 d&rsquo;apprentissage, puis certifi\u00e9e enseignante sp\u00e9cialis\u00e9e par la suite, j&rsquo;ai pris brutalement conscience du parcours complexe de la scolarisation et de l&rsquo;inclusion scolaire autant pour les enfants que pour les parents. Les d\u00e9fis rencontr\u00e9s m&rsquo;ont inspir\u00e9e \u00e0 chercher des solutions novatrices et \u00e0 comprendre en profondeur les m\u00e9canismes d&rsquo;apprentissage et le d\u00e9veloppement des comp\u00e9tences.<\/p>\n\n\n<div class=\"wp-block-image\">\n<figure class=\"aligncenter size-large is-resized\"><img loading=\"lazy\" decoding=\"async\" width=\"1024\" height=\"696\" src=\"https:\/\/audreylheureux.com\/wp-content\/uploads\/2024\/08\/DESS-1024x696.png\" alt=\"\" class=\"wp-image-1504\" style=\"width:281px;height:auto\" srcset=\"https:\/\/audreylheureux.com\/wp-content\/uploads\/2024\/08\/DESS-1024x696.png 1024w, https:\/\/audreylheureux.com\/wp-content\/uploads\/2024\/08\/DESS-300x204.png 300w, https:\/\/audreylheureux.com\/wp-content\/uploads\/2024\/08\/DESS-768x522.png 768w, https:\/\/audreylheureux.com\/wp-content\/uploads\/2024\/08\/DESS-600x408.png 600w, https:\/\/audreylheureux.com\/wp-content\/uploads\/2024\/08\/DESS.png 1288w\" sizes=\"auto, (max-width: 1024px) 100vw, 1024px\" \/><\/figure>\n<\/div>\n\n\n<div style=\"height:30px\" aria-hidden=\"true\" class=\"wp-block-spacer\"><\/div>\n\n\n\n<p class=\"has-text-align-justify\">A LA DECOUVERTE DE MON IKIGAI : anim\u00e9e par cette curiosit\u00e9 de comprendre les choses, l&rsquo;envie d&rsquo;apprendre sans cesse, de partager et d&rsquo;accompagner les enfants aussi bien que leurs parents, j&rsquo;ai d\u00e9couvert mon Ikiga\u00ef, bien pr\u00e9sent depuis le d\u00e9but de mon parcours professionnel, mais sans forc\u00e9ment l&rsquo;exploiter pleinement. Ma passion et ma d\u00e9termination ont \u00e9t\u00e9 renforc\u00e9es par chaque succ\u00e8s et chaque nouvel obstacle surmont\u00e9, me donnant une vision claire de ce que je voulais accomplir.<\/p>\n\n\n<div class=\"wp-block-image\">\n<figure class=\"aligncenter size-full is-resized\"><img loading=\"lazy\" decoding=\"async\" width=\"500\" height=\"500\" src=\"https:\/\/audreylheureux.com\/wp-content\/uploads\/2025\/04\/Logos-3.png\" alt=\"\" class=\"wp-image-1963\" style=\"width:212px;height:auto\" srcset=\"https:\/\/audreylheureux.com\/wp-content\/uploads\/2025\/04\/Logos-3.png 500w, https:\/\/audreylheureux.com\/wp-content\/uploads\/2025\/04\/Logos-3-300x300.png 300w, https:\/\/audreylheureux.com\/wp-content\/uploads\/2025\/04\/Logos-3-150x150.png 150w, https:\/\/audreylheureux.com\/wp-content\/uploads\/2025\/04\/Logos-3-100x100.png 100w\" sizes=\"auto, (max-width: 500px) 100vw, 500px\" \/><\/figure>\n<\/div>\n\n\n<div style=\"height:30px\" aria-hidden=\"true\" class=\"wp-block-spacer\"><\/div>\n\n\n\n<p class=\"has-text-align-justify\">UNE AVENTURE ENTREPRENARIALE : c&rsquo;est ainsi que je me suis lanc\u00e9e dans l&rsquo;auto entreprenariat en tant que psychop\u00e9dagogue gr\u00e2ce \u00e0 une formation compl\u00e9mentaire, r\u00e9activant et compl\u00e9tant ainsi ma formation universitaire en psychologie de l&rsquo;\u00e9ducation. J&rsquo;int\u00e8gre \u00e9galement la m\u00e9diation animale, avec pour commencer l&rsquo;obtention de la certification ACACED, qui me permet de travailler avec mes chiens et chats. Cette aventure entrepreneuriale m&rsquo;a permis de d\u00e9velopper des comp\u00e9tences suppl\u00e9mentaires en gestion de cabinet, en communication avec les familles et en adaptation des m\u00e9thodes psychop\u00e9dagogiques \u00e0 chaque enfant.<\/p>\n\n\n<div class=\"wp-block-image\">\n<figure class=\"aligncenter size-large is-resized\"><img loading=\"lazy\" decoding=\"async\" width=\"1024\" height=\"724\" src=\"https:\/\/audreylheureux.com\/wp-content\/uploads\/2024\/08\/Audrey-Lheureux-certificat-psychopedagogie_page-0001-1024x724.jpg\" alt=\"\" class=\"wp-image-1505\" style=\"width:275px;height:auto\" srcset=\"https:\/\/audreylheureux.com\/wp-content\/uploads\/2024\/08\/Audrey-Lheureux-certificat-psychopedagogie_page-0001-1024x724.jpg 1024w, https:\/\/audreylheureux.com\/wp-content\/uploads\/2024\/08\/Audrey-Lheureux-certificat-psychopedagogie_page-0001-300x212.jpg 300w, https:\/\/audreylheureux.com\/wp-content\/uploads\/2024\/08\/Audrey-Lheureux-certificat-psychopedagogie_page-0001-768x543.jpg 768w, https:\/\/audreylheureux.com\/wp-content\/uploads\/2024\/08\/Audrey-Lheureux-certificat-psychopedagogie_page-0001-1536x1086.jpg 1536w, https:\/\/audreylheureux.com\/wp-content\/uploads\/2024\/08\/Audrey-Lheureux-certificat-psychopedagogie_page-0001-1320x933.jpg 1320w, https:\/\/audreylheureux.com\/wp-content\/uploads\/2024\/08\/Audrey-Lheureux-certificat-psychopedagogie_page-0001-600x424.jpg 600w, https:\/\/audreylheureux.com\/wp-content\/uploads\/2024\/08\/Audrey-Lheureux-certificat-psychopedagogie_page-0001.jpg 1755w\" sizes=\"auto, (max-width: 1024px) 100vw, 1024px\" \/><\/figure>\n<\/div><\/div>\n\n\n\n<div class=\"wp-block-column has-background is-layout-flow wp-block-column-is-layout-flow\" style=\"background-color:#89ac8b\">\n<div style=\"height:0px\" aria-hidden=\"true\" class=\"wp-block-spacer\"><\/div>\n\n\n\n<div style=\"height:30px\" aria-hidden=\"true\" class=\"wp-block-spacer\"><\/div>\n\n\n\n<div style=\"height:30px\" aria-hidden=\"true\" class=\"wp-block-spacer\"><\/div>\n\n\n\n<p class=\"has-text-align-center has-nv-c-2-color has-text-color has-background\" style=\"background-color:#89ac8b;font-size:16px\"><strong>MON CABINET : <\/strong><\/p>\n\n\n\n<p class=\"has-text-align-center has-nv-site-bg-color has-text-color has-background\" style=\"background-color:#89ac8b;font-size:16px\"><strong>10 rue de la planche<\/strong> <strong>51240 Ecury-sur-Coole<\/strong><\/p>\n\n\n\n<div style=\"height:60px\" aria-hidden=\"true\" class=\"wp-block-spacer\"><\/div>\n\n\n<div class=\"wp-block-image\">\n<figure class=\"aligncenter size-large is-resized\"><img loading=\"lazy\" decoding=\"async\" width=\"1024\" height=\"1024\" src=\"https:\/\/audreylheureux.com\/wp-content\/uploads\/2025\/02\/23-1024x1024.png\" alt=\"\" class=\"wp-image-1906\" style=\"width:313px;height:auto\" srcset=\"https:\/\/audreylheureux.com\/wp-content\/uploads\/2025\/02\/23-1024x1024.png 1024w, https:\/\/audreylheureux.com\/wp-content\/uploads\/2025\/02\/23-300x300.png 300w, https:\/\/audreylheureux.com\/wp-content\/uploads\/2025\/02\/23-150x150.png 150w, https:\/\/audreylheureux.com\/wp-content\/uploads\/2025\/02\/23-768x768.png 768w, https:\/\/audreylheureux.com\/wp-content\/uploads\/2025\/02\/23-600x600.png 600w, https:\/\/audreylheureux.com\/wp-content\/uploads\/2025\/02\/23-100x100.png 100w, https:\/\/audreylheureux.com\/wp-content\/uploads\/2025\/02\/23.png 1080w\" sizes=\"auto, (max-width: 1024px) 100vw, 1024px\" \/><\/figure>\n<\/div>\n\n\n<div style=\"height:60px\" aria-hidden=\"true\" class=\"wp-block-spacer\"><\/div>\n\n\n<div class=\"wp-block-image\">\n<figure class=\"aligncenter size-large is-resized\"><img loading=\"lazy\" decoding=\"async\" width=\"1080\" height=\"1080\" src=\"https:\/\/audreylheureux.com\/wp-content\/uploads\/2025\/02\/24-1024x1024.png\" alt=\"\" class=\"wp-image-1907\" style=\"width:307px;height:auto\" srcset=\"https:\/\/audreylheureux.com\/wp-content\/uploads\/2025\/02\/24-1024x1024.png 1024w, https:\/\/audreylheureux.com\/wp-content\/uploads\/2025\/02\/24-300x300.png 300w, https:\/\/audreylheureux.com\/wp-content\/uploads\/2025\/02\/24-150x150.png 150w, https:\/\/audreylheureux.com\/wp-content\/uploads\/2025\/02\/24-768x768.png 768w, https:\/\/audreylheureux.com\/wp-content\/uploads\/2025\/02\/24-600x600.png 600w, https:\/\/audreylheureux.com\/wp-content\/uploads\/2025\/02\/24-100x100.png 100w, https:\/\/audreylheureux.com\/wp-content\/uploads\/2025\/02\/24.png 1080w\" sizes=\"auto, (max-width: 1080px) 100vw, 1080px\" \/><\/figure>\n<\/div>\n\n\n<div style=\"height:60px\" aria-hidden=\"true\" class=\"wp-block-spacer\"><\/div>\n\n\n\n<p class=\"has-text-align-center has-neve-link-color-color has-text-color\">Me rejoindre sur les r\u00e9seaux sociaux :<\/p>\n\n\n\n<div style=\"height:30px\" aria-hidden=\"true\" class=\"wp-block-spacer\"><\/div>\n\n\n\n<div class=\"wp-block-columns is-layout-flex wp-container-core-columns-is-layout-9d6595d7 wp-block-columns-is-layout-flex\">\n<div class=\"wp-block-column is-layout-flow wp-block-column-is-layout-flow\"><div class=\"wp-block-image\">\n<figure class=\"aligncenter size-full is-resized\"><a href=\"https:\/\/www.facebook.com\/profile.php?id=61553093371559\" target=\"_blank\" rel=\"noreferrer noopener\"><img loading=\"lazy\" decoding=\"async\" width=\"100\" height=\"100\" src=\"https:\/\/audreylheureux.com\/wp-content\/uploads\/2023\/10\/siteaudreylheureux-logofacebook.png\" alt=\"Site Audrey Lheureux - logo Facebook\" class=\"wp-image-784\" style=\"aspect-ratio:0.9015544041450777;width:52px;height:auto\"\/><\/a><\/figure>\n<\/div><\/div>\n\n\n\n<div class=\"wp-block-column is-layout-flow wp-block-column-is-layout-flow\"><div class=\"wp-block-image\">\n<figure class=\"aligncenter size-full is-resized\"><a href=\"\/\/instagram.com\/audreylheureux.enseignante?utm_source=qr&amp;igshid=MzNlNGNkZWQ4Mg==\" target=\"_blank\" rel=\"noreferrer noopener\"><img loading=\"lazy\" decoding=\"async\" width=\"100\" height=\"100\" src=\"https:\/\/audreylheureux.com\/wp-content\/uploads\/2023\/10\/siteaudreylheureux-logoinstagram.png\" alt=\"Site Audrey Lheureux - logo Instagram\" class=\"wp-image-785\" style=\"aspect-ratio:1;width:55px;height:auto\"\/><\/a><\/figure>\n<\/div><\/div>\n\n\n\n<div class=\"wp-block-column is-layout-flow wp-block-column-is-layout-flow\"><div class=\"wp-block-image\">\n<figure class=\"aligncenter size-full is-resized\"><a href=\"https:\/\/www.linkedin.com\/in\/audreylheureux\/\" target=\"_blank\" rel=\"noreferrer noopener\"><img loading=\"lazy\" decoding=\"async\" width=\"84\" height=\"85\" src=\"https:\/\/audreylheureux.com\/wp-content\/uploads\/2023\/10\/siteaudreylheureux-logolinkedin.png\" alt=\"\" class=\"wp-image-787\" style=\"aspect-ratio:1.0235042735042734;width:55px;height:auto\"\/><\/a><\/figure>\n<\/div><\/div>\n<\/div>\n\n\n\n<div style=\"height:60px\" aria-hidden=\"true\" class=\"wp-block-spacer\"><\/div>\n\n\n\n<div class=\"wp-block-buttons is-content-justification-center is-layout-flex wp-container-core-buttons-is-layout-16018d1d wp-block-buttons-is-layout-flex\">\n<div class=\"wp-block-button has-custom-font-size has-medium-font-size\"><a class=\"wp-block-button__link has-neve-link-color-background-color has-background wp-element-button\" href=\"https:\/\/perfactive.fr\/expertise\/ecury-sur-coole\/audrey-lheureux\" style=\"border-radius:100px\">Prendre rendez-vous<\/a><\/div>\n<\/div>\n<\/div>\n<\/div>\n","protected":false},"excerpt":{"rendered":"<p>Qui suis-je ? MON PARCOURS PROFESSIONNEL : dipl\u00f4m\u00e9e d&rsquo;un DESS en psychologie de l&rsquo;\u00e9ducation puis devenue enseignante et m\u00e8re d&rsquo;enfant en difficult\u00e9 d&rsquo;apprentissage, puis certifi\u00e9e enseignante sp\u00e9cialis\u00e9e par la suite, j&rsquo;ai pris brutalement conscience du parcours complexe de la scolarisation et de l&rsquo;inclusion scolaire autant pour les enfants que pour les parents. Les d\u00e9fis rencontr\u00e9s&hellip;&nbsp;<a href=\"https:\/\/audreylheureux.com\/?page_id=1669\" rel=\"bookmark\">Lire la suite &raquo;<span class=\"screen-reader-text\">Qui suis-je ?<\/span><\/a><\/p>\n","protected":false},"author":1,"featured_media":1906,"parent":0,"menu_order":0,"comment_status":"closed","ping_status":"closed","template":"","meta":{"neve_meta_sidebar":"","neve_meta_container":"","neve_meta_enable_content_width":"","neve_meta_content_width":0,"neve_meta_title_alignment":"","neve_meta_author_avatar":"","neve_post_elements_order":"","neve_meta_disable_header":"","neve_meta_disable_footer":"","neve_meta_disable_title":"","_themeisle_gutenberg_block_has_review":false,"footnotes":""},"class_list":["post-1669","page","type-page","status-publish","has-post-thumbnail","hentry"],"yoast_head":"<!-- This site is optimized with the Yoast SEO plugin v27.5 - https:\/\/yoast.com\/product\/yoast-seo-wordpress\/ -->\n<title>Qui suis-je ? ~ Audrey LHEUREUX - Le cabinet des Apprentissages<\/title>\n<meta name=\"description\" content=\"Mon aventure professionnelle : un parcours de d\u00e9fis et la d\u00e9couverte de mon Ikiga\u00ef pour votre enfant.\" \/>\n<meta name=\"robots\" content=\"index, follow, max-snippet:-1, max-image-preview:large, max-video-preview:-1\" \/>\n<link rel=\"canonical\" href=\"https:\/\/audreylheureux.com\/?page_id=1669\" \/>\n<meta property=\"og:locale\" content=\"fr_FR\" \/>\n<meta property=\"og:type\" content=\"article\" \/>\n<meta property=\"og:title\" content=\"Qui suis-je ? ~ Audrey LHEUREUX - Le cabinet des Apprentissages\" \/>\n<meta property=\"og:description\" content=\"Mon aventure professionnelle : un parcours de d\u00e9fis et la d\u00e9couverte de mon Ikiga\u00ef pour votre enfant.\" \/>\n<meta property=\"og:url\" content=\"https:\/\/audreylheureux.com\/?page_id=1669\" \/>\n<meta property=\"og:site_name\" content=\"Audrey LHEUREUX - Le cabinet des Apprentissages\" \/>\n<meta property=\"article:publisher\" content=\"https:\/\/www.facebook.com\/profile.php?id=61551690980053\" \/>\n<meta property=\"article:modified_time\" content=\"2025-04-09T16:39:07+00:00\" \/>\n<meta property=\"og:image\" content=\"https:\/\/audreylheureux.com\/wp-content\/uploads\/2025\/02\/23.png\" \/>\n\t<meta property=\"og:image:width\" content=\"1080\" \/>\n\t<meta property=\"og:image:height\" content=\"1080\" \/>\n\t<meta property=\"og:image:type\" content=\"image\/png\" \/>\n<meta name=\"twitter:card\" content=\"summary_large_image\" \/>\n<meta name=\"twitter:label1\" content=\"Dur\u00e9e de lecture estim\u00e9e\" \/>\n\t<meta name=\"twitter:data1\" content=\"4 minutes\" \/>\n<script type=\"application\/ld+json\" class=\"yoast-schema-graph\">{\"@context\":\"https:\\\/\\\/schema.org\",\"@graph\":[{\"@type\":\"WebPage\",\"@id\":\"https:\\\/\\\/audreylheureux.com\\\/?page_id=1669\",\"url\":\"https:\\\/\\\/audreylheureux.com\\\/?page_id=1669\",\"name\":\"Qui suis-je ? ~ Audrey LHEUREUX - Le cabinet des Apprentissages\",\"isPartOf\":{\"@id\":\"https:\\\/\\\/audreylheureux.com\\\/#website\"},\"primaryImageOfPage\":{\"@id\":\"https:\\\/\\\/audreylheureux.com\\\/?page_id=1669#primaryimage\"},\"image\":{\"@id\":\"https:\\\/\\\/audreylheureux.com\\\/?page_id=1669#primaryimage\"},\"thumbnailUrl\":\"https:\\\/\\\/audreylheureux.com\\\/wp-content\\\/uploads\\\/2025\\\/02\\\/23.png\",\"datePublished\":\"2024-08-09T12:55:09+00:00\",\"dateModified\":\"2025-04-09T16:39:07+00:00\",\"description\":\"Mon aventure professionnelle : un parcours de d\u00e9fis et la d\u00e9couverte de mon Ikiga\u00ef pour votre enfant.\",\"breadcrumb\":{\"@id\":\"https:\\\/\\\/audreylheureux.com\\\/?page_id=1669#breadcrumb\"},\"inLanguage\":\"fr-FR\",\"potentialAction\":[{\"@type\":\"ReadAction\",\"target\":[\"https:\\\/\\\/audreylheureux.com\\\/?page_id=1669\"]}]},{\"@type\":\"ImageObject\",\"inLanguage\":\"fr-FR\",\"@id\":\"https:\\\/\\\/audreylheureux.com\\\/?page_id=1669#primaryimage\",\"url\":\"https:\\\/\\\/audreylheureux.com\\\/wp-content\\\/uploads\\\/2025\\\/02\\\/23.png\",\"contentUrl\":\"https:\\\/\\\/audreylheureux.com\\\/wp-content\\\/uploads\\\/2025\\\/02\\\/23.png\",\"width\":1080,\"height\":1080,\"caption\":\"Le cabinet des apprentissages - Audrey Lheureux - pr\u00e9sentation\"},{\"@type\":\"BreadcrumbList\",\"@id\":\"https:\\\/\\\/audreylheureux.com\\\/?page_id=1669#breadcrumb\",\"itemListElement\":[{\"@type\":\"ListItem\",\"position\":1,\"name\":\"Accueil\",\"item\":\"https:\\\/\\\/audreylheureux.com\\\/\"},{\"@type\":\"ListItem\",\"position\":2,\"name\":\"Qui suis-je ?\"}]},{\"@type\":\"WebSite\",\"@id\":\"https:\\\/\\\/audreylheureux.com\\\/#website\",\"url\":\"https:\\\/\\\/audreylheureux.com\\\/\",\"name\":\"Audrey LHEUREUX - Le cabinet des Apprentissages\",\"description\":\"Psychop\u00e9dagogue - Orthop\u00e9dagogue - Enseignante sp\u00e9cialis\u00e9e pour l&#039;Education Nationale - Psychologue de l&#039;\u00e9ducation\",\"potentialAction\":[{\"@type\":\"SearchAction\",\"target\":{\"@type\":\"EntryPoint\",\"urlTemplate\":\"https:\\\/\\\/audreylheureux.com\\\/?s={search_term_string}\"},\"query-input\":{\"@type\":\"PropertyValueSpecification\",\"valueRequired\":true,\"valueName\":\"search_term_string\"}}],\"inLanguage\":\"fr-FR\"}]}<\/script>\n<!-- \/ Yoast SEO plugin. -->","yoast_head_json":{"title":"Qui suis-je ? ~ Audrey LHEUREUX - Le cabinet des Apprentissages","description":"Mon aventure professionnelle : un parcours de d\u00e9fis et la d\u00e9couverte de mon Ikiga\u00ef pour votre enfant.","robots":{"index":"index","follow":"follow","max-snippet":"max-snippet:-1","max-image-preview":"max-image-preview:large","max-video-preview":"max-video-preview:-1"},"canonical":"https:\/\/audreylheureux.com\/?page_id=1669","og_locale":"fr_FR","og_type":"article","og_title":"Qui suis-je ? ~ Audrey LHEUREUX - Le cabinet des Apprentissages","og_description":"Mon aventure professionnelle : un parcours de d\u00e9fis et la d\u00e9couverte de mon Ikiga\u00ef pour votre enfant.","og_url":"https:\/\/audreylheureux.com\/?page_id=1669","og_site_name":"Audrey LHEUREUX - Le cabinet des Apprentissages","article_publisher":"https:\/\/www.facebook.com\/profile.php?id=61551690980053","article_modified_time":"2025-04-09T16:39:07+00:00","og_image":[{"width":1080,"height":1080,"url":"https:\/\/audreylheureux.com\/wp-content\/uploads\/2025\/02\/23.png","type":"image\/png"}],"twitter_card":"summary_large_image","twitter_misc":{"Dur\u00e9e de lecture estim\u00e9e":"4 minutes"},"schema":{"@context":"https:\/\/schema.org","@graph":[{"@type":"WebPage","@id":"https:\/\/audreylheureux.com\/?page_id=1669","url":"https:\/\/audreylheureux.com\/?page_id=1669","name":"Qui suis-je ? ~ Audrey LHEUREUX - Le cabinet des Apprentissages","isPartOf":{"@id":"https:\/\/audreylheureux.com\/#website"},"primaryImageOfPage":{"@id":"https:\/\/audreylheureux.com\/?page_id=1669#primaryimage"},"image":{"@id":"https:\/\/audreylheureux.com\/?page_id=1669#primaryimage"},"thumbnailUrl":"https:\/\/audreylheureux.com\/wp-content\/uploads\/2025\/02\/23.png","datePublished":"2024-08-09T12:55:09+00:00","dateModified":"2025-04-09T16:39:07+00:00","description":"Mon aventure professionnelle : un parcours de d\u00e9fis et la d\u00e9couverte de mon Ikiga\u00ef pour votre enfant.","breadcrumb":{"@id":"https:\/\/audreylheureux.com\/?page_id=1669#breadcrumb"},"inLanguage":"fr-FR","potentialAction":[{"@type":"ReadAction","target":["https:\/\/audreylheureux.com\/?page_id=1669"]}]},{"@type":"ImageObject","inLanguage":"fr-FR","@id":"https:\/\/audreylheureux.com\/?page_id=1669#primaryimage","url":"https:\/\/audreylheureux.com\/wp-content\/uploads\/2025\/02\/23.png","contentUrl":"https:\/\/audreylheureux.com\/wp-content\/uploads\/2025\/02\/23.png","width":1080,"height":1080,"caption":"Le cabinet des apprentissages - Audrey Lheureux - pr\u00e9sentation"},{"@type":"BreadcrumbList","@id":"https:\/\/audreylheureux.com\/?page_id=1669#breadcrumb","itemListElement":[{"@type":"ListItem","position":1,"name":"Accueil","item":"https:\/\/audreylheureux.com\/"},{"@type":"ListItem","position":2,"name":"Qui suis-je ?"}]},{"@type":"WebSite","@id":"https:\/\/audreylheureux.com\/#website","url":"https:\/\/audreylheureux.com\/","name":"Audrey LHEUREUX - Le cabinet des Apprentissages","description":"Psychop\u00e9dagogue - Orthop\u00e9dagogue - Enseignante sp\u00e9cialis\u00e9e pour l&#039;Education Nationale - Psychologue de l&#039;\u00e9ducation","potentialAction":[{"@type":"SearchAction","target":{"@type":"EntryPoint","urlTemplate":"https:\/\/audreylheureux.com\/?s={search_term_string}"},"query-input":{"@type":"PropertyValueSpecification","valueRequired":true,"valueName":"search_term_string"}}],"inLanguage":"fr-FR"}]}},"_links":{"self":[{"href":"https:\/\/audreylheureux.com\/index.php?rest_route=\/wp\/v2\/pages\/1669","targetHints":{"allow":["GET"]}}],"collection":[{"href":"https:\/\/audreylheureux.com\/index.php?rest_route=\/wp\/v2\/pages"}],"about":[{"href":"https:\/\/audreylheureux.com\/index.php?rest_route=\/wp\/v2\/types\/page"}],"author":[{"embeddable":true,"href":"https:\/\/audreylheureux.com\/index.php?rest_route=\/wp\/v2\/users\/1"}],"replies":[{"embeddable":true,"href":"https:\/\/audreylheureux.com\/index.php?rest_route=%2Fwp%2Fv2%2Fcomments&post=1669"}],"version-history":[{"count":9,"href":"https:\/\/audreylheureux.com\/index.php?rest_route=\/wp\/v2\/pages\/1669\/revisions"}],"predecessor-version":[{"id":1995,"href":"https:\/\/audreylheureux.com\/index.php?rest_route=\/wp\/v2\/pages\/1669\/revisions\/1995"}],"wp:featuredmedia":[{"embeddable":true,"href":"https:\/\/audreylheureux.com\/index.php?rest_route=\/wp\/v2\/media\/1906"}],"wp:attachment":[{"href":"https:\/\/audreylheureux.com\/index.php?rest_route=%2Fwp%2Fv2%2Fmedia&parent=1669"}],"curies":[{"name":"wp","href":"https:\/\/api.w.org\/{rel}","templated":true}]}}