{"id":1661,"date":"2024-08-08T23:03:34","date_gmt":"2024-08-08T21:03:34","guid":{"rendered":"https:\/\/audreylheureux.com\/?page_id=1661"},"modified":"2025-04-09T18:35:48","modified_gmt":"2025-04-09T16:35:48","slug":"pour-qui-pourquoi","status":"publish","type":"page","link":"https:\/\/audreylheureux.com\/?page_id=1661","title":{"rendered":"Pour qui ? Pourquoi ?"},"content":{"rendered":"\n<div style=\"height:60px\" aria-hidden=\"true\" class=\"wp-block-spacer\"><\/div>\n\n\n\n<h2 class=\"wp-block-heading has-text-align-center has-neve-link-color-color has-text-color has-link-color has-large-font-size wp-elements-d218ffee6f3aa6c4a1c0df50b6239396\">Qu&rsquo;est-ce qu&rsquo;un psychop\u00e9dagogue ?<\/h2>\n\n\n\n<div style=\"height:60px\" aria-hidden=\"true\" class=\"wp-block-spacer\"><\/div>\n\n\n\n<p class=\"has-text-color has-link-color wp-elements-fd67b7da1531cf543eaeffdd91482f94\" style=\"color:#89ac8b\">\u200b\ud83e\udef1\ud83c\udffc\u200d\ud83e\udef2\ud83c\udffcLe m\u00e9tier de psychop\u00e9dagogue est en plein essor en France et rev\u00eat une importance capitale, notamment dans l&rsquo;accompagnement d&rsquo;enfants en difficult\u00e9s scolaires.<\/p>\n\n\n\n<p>\ud83d\udca1Ce professionnel \u00e0 l&rsquo;interface entre l&rsquo;\u00e9ducation et la psychologie joue un r\u00f4le crucial dans la <strong>d\u00e9tection<\/strong>, <strong>l&rsquo;\u00e9valuation <\/strong>et <strong>l&rsquo;accompagnement <\/strong>d&rsquo;enfants qui rencontrent des obstacles dans leurs <strong>capacit\u00e9s d&rsquo;apprentissages <\/strong>sur le <strong>plan cognitif <\/strong>comme <strong>\u00e9motionnel<\/strong>.<br><br>\ud83d\udeb8La mission principale du psychop\u00e9dagogue est de cr\u00e9er un pont entre les<strong> besoins sp\u00e9cifiques de l&rsquo;enfant<\/strong> et les <strong>exigences du syst\u00e8me \u00e9ducatif.<\/strong> En \u00e9valuant les <strong>capacit\u00e9s cognitives<\/strong>, les <strong>styles d&rsquo;apprentissage<\/strong> et les<strong> facteurs \u00e9motionnels et sociaux <\/strong>qui influencent la performance scolaire, le psychop\u00e9dagogue est en mesure de<strong> proposer des strat\u00e9gies p\u00e9dagogiques personnalis\u00e9es.<\/strong><br><br>\ud83e\udef1\ud83c\udffc\u200d\ud83e\udef2\ud83c\udffcEn outre, la <strong>collaboration <\/strong>avec les enseignants, les parents et parfois d&rsquo;autres sp\u00e9cialistes comme les orthophonistes, psychomotriciens ou les psychologues, est fondamentale pour <strong>mettre en place un environnement \u00e9ducatif adaptatif et inclusif. <\/strong>Cette <strong>approche multidisciplinaire<\/strong> du psychop\u00e9dagogue permet de <strong>r\u00e9pondre de mani\u00e8re globale aux besoins de l&rsquo;enfant<\/strong>, en offrant un soutien complet et coh\u00e9rent <strong>\u00e0 la maison comme \u00e0 l&rsquo;\u00e9cole.<\/strong><br><br>\ud83d\udc96Le psychop\u00e9dagogue contribue \u00e9galement \u00e0 la pr\u00e9vention de <strong>difficult\u00e9s psychoaffectives <\/strong>en travaillant sur l<strong>&lsquo;estime de soi <\/strong>et la <strong>motivation <\/strong>de l&rsquo;enfant, des aspects essentiels pour son \u00e9panouissement et sa r\u00e9ussite. En reconnaissant et en valorisant les comp\u00e9tences individuelles de chaque enfant, le psychop\u00e9dagogue aide \u00e0 construire une base solide pour le d\u00e9veloppement personnel et scolaire de chacun.<\/p>\n\n\n\n<div style=\"height:30px\" aria-hidden=\"true\" class=\"wp-block-spacer\"><\/div>\n\n\n\n<h2 class=\"wp-block-heading has-text-align-center has-neve-link-color-color has-text-color has-link-color has-large-font-size wp-elements-52fb4307ec34b5cc09e0f4ef07e51d16\">Pourquoi faire appel \u00e0 mes services ?<\/h2>\n\n\n\n<div class=\"wp-block-columns has-background is-layout-flex wp-container-core-columns-is-layout-9d6595d7 wp-block-columns-is-layout-flex\" style=\"background-color:#89ac8b\">\n<div class=\"wp-block-column has-nv-site-bg-color has-text-color has-link-color wp-elements-0895f468cfd9a1cefad8754f05ccbc26 is-layout-flow wp-block-column-is-layout-flow\">\n<p class=\"has-text-align-center has-text-color has-background has-link-color wp-elements-60b24c86173eaaba4a6ef1e4bb3c3662\" style=\"color:#f1d9d8;background-color:#89ac8b\"><strong>Mes domaines d&rsquo;intervention :<\/strong><\/p>\n\n\n\n<p class=\"has-nv-site-bg-color has-text-color has-link-color wp-elements-a4c54cbd766a0582c003df6b1dfccf24\">Je prends en charge les enfants majoritairement <strong>de la maternelle \u00e0 la 3\u00e8me<\/strong>. Mon aide peut se porter sur diff\u00e9rents profils :<\/p>\n\n\n\n<ul class=\"wp-block-list\">\n<li>difficult\u00e9s scolaires globales ou sp\u00e9cifiques \u00e0 des domaines disciplinaires (lecture, \u00e9criture, math\u00e9matiques)<\/li>\n\n\n\n<li>troubles de l&rsquo;apprentissage suspect\u00e9s ou d\u00e9cel\u00e9s,<\/li>\n\n\n\n<li>difficult\u00e9s de concentration,<\/li>\n\n\n\n<li>difficult\u00e9s de m\u00e9morisation des le\u00e7ons ou des automatismes,<\/li>\n\n\n\n<li>difficult\u00e9s \u00e0 suivre le rythme scolaire, <\/li>\n\n\n\n<li>peur, anxi\u00e9t\u00e9 ou phobie (b\u00e9gaiement, phobie des math\u00e9matiques, &#8230;),<\/li>\n\n\n\n<li>&#8230;<\/li>\n<\/ul>\n\n\n\n<p class=\"has-text-align-justify has-nv-text-dark-bg-color has-text-color has-link-color wp-elements-bc797cc469fd9e4ed7696340ab1454ad\">La mise en place et l&rsquo;utilisation d&rsquo;<strong>outils et <\/strong>de <strong>strat\u00e9gies<\/strong> vont lui permettre de surmonter ses difficult\u00e9s, de se remotiver, renforcer l&rsquo;estime de soi et retrouver le go\u00fbt et le plaisir d&rsquo;apprendre.<\/p>\n\n\n\n<p class=\"has-text-align-center has-text-color has-link-color wp-elements-6db44bbc44913c9240a1a64564ce5618\" style=\"color:#f1d9d8\"><strong>Vous n&rsquo;\u00eates pas seul(e.s) <\/strong><\/p>\n\n\n\n<p class=\"has-text-align-center has-text-color has-link-color wp-elements-f118708b7e6d3dc22fb492d8aeb4ace0\" style=\"color:#f1d9d8\"><strong>et je ne travaille pas seule non plus !<\/strong><\/p>\n\n\n\n<p class=\"has-text-align-justify\">Je travaille en \u00e9troite <strong>collaboration <\/strong>avec les enseignants, les parents et les divers professionnels intervenant dans le parcours de votre enfant. <strong>Ensemble<\/strong>, nous mettons en place des solutions adapt\u00e9es pour permettre \u00e0 chaque enfant de <strong>d\u00e9velopper pleinement son potentiel<\/strong> et de <strong>retrouver le plaisir d&rsquo;apprendre.<\/strong><\/p>\n\n\n\n<p class=\"has-text-align-justify\">Il est essentiel de cr\u00e9er un environnement de soutien et de confiance pour que l&rsquo;enfant se sente en s\u00e9curit\u00e9 et encourag\u00e9 \u00e0 exprimer ses difficult\u00e9s ainsi qu&rsquo; \u00e0 travailler sur ses obstacles ou blocages. Gr\u00e2ce \u00e0 une approche individualis\u00e9e et toujours bienveillante, je m&rsquo;efforce d&rsquo;apporter des r\u00e9ponses adapt\u00e9es aux besoins sp\u00e9cifiques de chaque enfant.<\/p>\n<\/div>\n\n\n\n<div class=\"wp-block-column has-background is-layout-flow wp-block-column-is-layout-flow\" style=\"background-color:#89ac8b\">\n<p class=\"has-text-align-center has-neve-link-color-color has-text-color has-link-color wp-elements-2474758d1aa5e402be8bb5ef8bb19415\"><strong>Qui choisir ? <\/strong><\/p>\n\n\n\n<p class=\"has-text-align-center has-text-color has-link-color wp-elements-3bf3fa30f00d40b5279b693bee56ae61\" style=\"color:#f1d9d8\"><strong>Psychop\u00e9dagogue, orthophoniste, neuropsychologue, psychologue, ergoth\u00e9rapeute\u2026 ? <\/strong><\/p>\n\n\n\n<p class=\"has-text-align-center has-nv-site-bg-color has-text-color has-link-color wp-elements-bbf22e3656174558716006918e5a7414\">Rassurez-vous, <\/p>\n\n\n\n<p class=\"has-text-align-center has-nv-site-bg-color has-text-color has-link-color wp-elements-e5ac12c9807e0490acfbce105cd70b3b\"><strong>chaque professionnel a ses sp\u00e9cificit\u00e9s<\/strong> autant dans sa formation que dans sa pratique. Il n&rsquo;y a pas de concurrence ni de doublon. Chacun va apporter sa particularit\u00e9 en fonction des besoins de votre enfant s&rsquo;ils correspondent aux sp\u00e9cialit\u00e9s du professionnel et chacun peut orienter vers l&rsquo;un.e de ses cons\u0153urs ou confr\u00e8res.<\/p>\n\n\n\n<p class=\"has-text-align-center has-nv-site-bg-color has-text-color has-link-color wp-elements-6c75635b076a0d8b32aa759627538696\">En tant que psychop\u00e9dagogue, je peux aider votre enfant, dans la mesure du raisonnable, sans surcharger son emploi du temps, <strong>AVANT, EN ATTENDANT, ou EN PARALLELE<\/strong> des prises en charge des autres sp\u00e9cialistes.<\/p>\n\n\n\n<ul class=\"wp-block-list has-nv-site-bg-color has-text-color has-link-color wp-elements-e74094eca540d9e3b8d114cf525e0060\">\n<li>Premiers <strong>bilans de d\u00e9pistage<\/strong> et <strong>orientation <\/strong>vers des professionnels sp\u00e9cifiques (orthophonistes, neuropsychologues\u2026) si besoin. Les bilans sont effectu\u00e9s en parall\u00e8le d&rsquo;une premi\u00e8re prise en charge psychop\u00e9dagogique afin d&rsquo;accompagner votre enfant le plus efficacement et le plus rapidement possible.<\/li>\n\n\n\n<li><strong>Prise en charge<\/strong> <strong>en attendant le suivi<\/strong> du ou des sp\u00e9cialistes ci-dessus car l&rsquo;attente peut \u00eatre longue (environ un an et demi pour les diagnostics) : il est pr\u00e9f\u00e9rable de mettre en place des rem\u00e9diations pendant ce laps de temps. Je suis l\u00e0 pour cela.<\/li>\n\n\n\n<li><strong>Prise en charge compl\u00e9mentaire<\/strong> aux suivis des sp\u00e9cialistes d\u00e9j\u00e0 mis en place avec la d\u00e9marche n\u00e9cessaire que j&rsquo;aurais \u00e9valu\u00e9e comme b\u00e9n\u00e9fique pour les besoins de votre enfant (m\u00e9diation culturelle ou animale, ludop\u00e9dagogie pour approfondir et donner sens et motivation aux apprentissages fondamentaux (lecture, \u00e9criture, langage oral et prise de parole, num\u00e9ration et calculs\u2026)&#8230; Je suis l\u00e0 pour cela.<\/li>\n<\/ul>\n\n\n\n<div style=\"height:30px\" aria-hidden=\"true\" class=\"wp-block-spacer\"><\/div>\n\n\n<div class=\"wp-block-image\">\n<figure class=\"aligncenter size-full is-resized\"><img loading=\"lazy\" decoding=\"async\" width=\"500\" height=\"500\" src=\"https:\/\/audreylheureux.com\/wp-content\/uploads\/2025\/04\/Logos-3.png\" alt=\"\" class=\"wp-image-1963\" style=\"width:176px;height:auto\" srcset=\"https:\/\/audreylheureux.com\/wp-content\/uploads\/2025\/04\/Logos-3.png 500w, https:\/\/audreylheureux.com\/wp-content\/uploads\/2025\/04\/Logos-3-300x300.png 300w, https:\/\/audreylheureux.com\/wp-content\/uploads\/2025\/04\/Logos-3-150x150.png 150w, https:\/\/audreylheureux.com\/wp-content\/uploads\/2025\/04\/Logos-3-100x100.png 100w\" sizes=\"auto, (max-width: 500px) 100vw, 500px\" \/><\/figure>\n<\/div>\n\n\n<div style=\"height:31px\" aria-hidden=\"true\" class=\"wp-block-spacer\"><\/div>\n\n\n\n<div class=\"wp-block-buttons is-content-justification-center is-layout-flex wp-container-core-buttons-is-layout-16018d1d wp-block-buttons-is-layout-flex\">\n<div class=\"wp-block-button has-custom-font-size has-medium-font-size\"><a class=\"wp-block-button__link has-nv-site-bg-color has-neve-link-color-background-color has-text-color has-background wp-element-button\" href=\"https:\/\/perfactive.fr\/expertise\/ecury-sur-coole\/audrey-lheureux\" style=\"border-radius:100px\">Prendre rendez-vous<\/a><\/div>\n<\/div>\n<\/div>\n<\/div>\n\n\n\n<p><\/p>\n","protected":false},"excerpt":{"rendered":"<p>Qu&rsquo;est-ce qu&rsquo;un psychop\u00e9dagogue ? \u200b\ud83e\udef1\ud83c\udffc\u200d\ud83e\udef2\ud83c\udffcLe m\u00e9tier de psychop\u00e9dagogue est en plein essor en France et rev\u00eat une importance capitale, notamment dans l&rsquo;accompagnement d&rsquo;enfants en difficult\u00e9s scolaires. \ud83d\udca1Ce professionnel \u00e0 l&rsquo;interface entre l&rsquo;\u00e9ducation et la psychologie joue un r\u00f4le crucial dans la d\u00e9tection, l&rsquo;\u00e9valuation et l&rsquo;accompagnement d&rsquo;enfants qui rencontrent des obstacles dans leurs capacit\u00e9s d&rsquo;apprentissages sur&hellip;&nbsp;<a href=\"https:\/\/audreylheureux.com\/?page_id=1661\" rel=\"bookmark\">Lire la suite &raquo;<span class=\"screen-reader-text\">Pour qui ? Pourquoi ?<\/span><\/a><\/p>\n","protected":false},"author":1,"featured_media":0,"parent":0,"menu_order":0,"comment_status":"closed","ping_status":"closed","template":"","meta":{"neve_meta_sidebar":"","neve_meta_container":"","neve_meta_enable_content_width":"","neve_meta_content_width":0,"neve_meta_title_alignment":"","neve_meta_author_avatar":"","neve_post_elements_order":"","neve_meta_disable_header":"","neve_meta_disable_footer":"","neve_meta_disable_title":"","_themeisle_gutenberg_block_has_review":false,"footnotes":""},"class_list":["post-1661","page","type-page","status-publish","hentry"],"yoast_head":"<!-- This site is optimized with the Yoast SEO plugin v27.5 - https:\/\/yoast.com\/product\/yoast-seo-wordpress\/ -->\n<title>Pour qui ? Pourquoi ? ~ Audrey LHEUREUX - Le cabinet des Apprentissages<\/title>\n<meta name=\"description\" content=\"Pour que chaque enfant puisse surmonter ses difficult\u00e9s, se remotiver, renforcer l&#039;estime de soi et retrouver le plaisir et l&#039;envie d&#039;apprendre.\" \/>\n<meta name=\"robots\" content=\"index, follow, max-snippet:-1, max-image-preview:large, max-video-preview:-1\" \/>\n<link rel=\"canonical\" href=\"https:\/\/audreylheureux.com\/?page_id=1661\" \/>\n<meta property=\"og:locale\" content=\"fr_FR\" \/>\n<meta property=\"og:type\" content=\"article\" \/>\n<meta property=\"og:title\" content=\"Pour qui ? Pourquoi ? ~ Audrey LHEUREUX - Le cabinet des Apprentissages\" \/>\n<meta property=\"og:description\" content=\"Pour que chaque enfant puisse surmonter ses difficult\u00e9s, se remotiver, renforcer l&#039;estime de soi et retrouver le plaisir et l&#039;envie d&#039;apprendre.\" \/>\n<meta property=\"og:url\" content=\"https:\/\/audreylheureux.com\/?page_id=1661\" \/>\n<meta property=\"og:site_name\" content=\"Audrey LHEUREUX - Le cabinet des Apprentissages\" \/>\n<meta property=\"article:publisher\" content=\"https:\/\/www.facebook.com\/profile.php?id=61551690980053\" \/>\n<meta property=\"article:modified_time\" content=\"2025-04-09T16:35:48+00:00\" \/>\n<meta property=\"og:image\" content=\"https:\/\/audreylheureux.com\/wp-content\/uploads\/2025\/04\/Logos-3.png\" \/>\n\t<meta property=\"og:image:width\" content=\"500\" \/>\n\t<meta property=\"og:image:height\" content=\"500\" \/>\n\t<meta property=\"og:image:type\" content=\"image\/png\" \/>\n<meta name=\"twitter:card\" content=\"summary_large_image\" \/>\n<meta name=\"twitter:label1\" content=\"Dur\u00e9e de lecture estim\u00e9e\" \/>\n\t<meta name=\"twitter:data1\" content=\"4 minutes\" \/>\n<script type=\"application\/ld+json\" class=\"yoast-schema-graph\">{\"@context\":\"https:\\\/\\\/schema.org\",\"@graph\":[{\"@type\":\"WebPage\",\"@id\":\"https:\\\/\\\/audreylheureux.com\\\/?page_id=1661\",\"url\":\"https:\\\/\\\/audreylheureux.com\\\/?page_id=1661\",\"name\":\"Pour qui ? Pourquoi ? ~ Audrey LHEUREUX - Le cabinet des Apprentissages\",\"isPartOf\":{\"@id\":\"https:\\\/\\\/audreylheureux.com\\\/#website\"},\"primaryImageOfPage\":{\"@id\":\"https:\\\/\\\/audreylheureux.com\\\/?page_id=1661#primaryimage\"},\"image\":{\"@id\":\"https:\\\/\\\/audreylheureux.com\\\/?page_id=1661#primaryimage\"},\"thumbnailUrl\":\"https:\\\/\\\/audreylheureux.com\\\/wp-content\\\/uploads\\\/2025\\\/04\\\/Logos-3.png\",\"datePublished\":\"2024-08-08T21:03:34+00:00\",\"dateModified\":\"2025-04-09T16:35:48+00:00\",\"description\":\"Pour que chaque enfant puisse surmonter ses difficult\u00e9s, se remotiver, renforcer l'estime de soi et retrouver le plaisir et l'envie d'apprendre.\",\"breadcrumb\":{\"@id\":\"https:\\\/\\\/audreylheureux.com\\\/?page_id=1661#breadcrumb\"},\"inLanguage\":\"fr-FR\",\"potentialAction\":[{\"@type\":\"ReadAction\",\"target\":[\"https:\\\/\\\/audreylheureux.com\\\/?page_id=1661\"]}]},{\"@type\":\"ImageObject\",\"inLanguage\":\"fr-FR\",\"@id\":\"https:\\\/\\\/audreylheureux.com\\\/?page_id=1661#primaryimage\",\"url\":\"https:\\\/\\\/audreylheureux.com\\\/wp-content\\\/uploads\\\/2025\\\/04\\\/Logos-3.png\",\"contentUrl\":\"https:\\\/\\\/audreylheureux.com\\\/wp-content\\\/uploads\\\/2025\\\/04\\\/Logos-3.png\",\"width\":500,\"height\":500,\"caption\":\"Logo - le cabinet des apprentissages - Audrey Lheureux\"},{\"@type\":\"BreadcrumbList\",\"@id\":\"https:\\\/\\\/audreylheureux.com\\\/?page_id=1661#breadcrumb\",\"itemListElement\":[{\"@type\":\"ListItem\",\"position\":1,\"name\":\"Accueil\",\"item\":\"https:\\\/\\\/audreylheureux.com\\\/\"},{\"@type\":\"ListItem\",\"position\":2,\"name\":\"Pour qui ? Pourquoi ?\"}]},{\"@type\":\"WebSite\",\"@id\":\"https:\\\/\\\/audreylheureux.com\\\/#website\",\"url\":\"https:\\\/\\\/audreylheureux.com\\\/\",\"name\":\"Audrey LHEUREUX - Le cabinet des Apprentissages\",\"description\":\"Psychop\u00e9dagogue - Orthop\u00e9dagogue - Enseignante sp\u00e9cialis\u00e9e pour l&#039;Education Nationale - Psychologue de l&#039;\u00e9ducation\",\"potentialAction\":[{\"@type\":\"SearchAction\",\"target\":{\"@type\":\"EntryPoint\",\"urlTemplate\":\"https:\\\/\\\/audreylheureux.com\\\/?s={search_term_string}\"},\"query-input\":{\"@type\":\"PropertyValueSpecification\",\"valueRequired\":true,\"valueName\":\"search_term_string\"}}],\"inLanguage\":\"fr-FR\"}]}<\/script>\n<!-- \/ Yoast SEO plugin. -->","yoast_head_json":{"title":"Pour qui ? Pourquoi ? ~ Audrey LHEUREUX - Le cabinet des Apprentissages","description":"Pour que chaque enfant puisse surmonter ses difficult\u00e9s, se remotiver, renforcer l'estime de soi et retrouver le plaisir et l'envie d'apprendre.","robots":{"index":"index","follow":"follow","max-snippet":"max-snippet:-1","max-image-preview":"max-image-preview:large","max-video-preview":"max-video-preview:-1"},"canonical":"https:\/\/audreylheureux.com\/?page_id=1661","og_locale":"fr_FR","og_type":"article","og_title":"Pour qui ? Pourquoi ? ~ Audrey LHEUREUX - Le cabinet des Apprentissages","og_description":"Pour que chaque enfant puisse surmonter ses difficult\u00e9s, se remotiver, renforcer l'estime de soi et retrouver le plaisir et l'envie d'apprendre.","og_url":"https:\/\/audreylheureux.com\/?page_id=1661","og_site_name":"Audrey LHEUREUX - Le cabinet des Apprentissages","article_publisher":"https:\/\/www.facebook.com\/profile.php?id=61551690980053","article_modified_time":"2025-04-09T16:35:48+00:00","og_image":[{"width":500,"height":500,"url":"https:\/\/audreylheureux.com\/wp-content\/uploads\/2025\/04\/Logos-3.png","type":"image\/png"}],"twitter_card":"summary_large_image","twitter_misc":{"Dur\u00e9e de lecture estim\u00e9e":"4 minutes"},"schema":{"@context":"https:\/\/schema.org","@graph":[{"@type":"WebPage","@id":"https:\/\/audreylheureux.com\/?page_id=1661","url":"https:\/\/audreylheureux.com\/?page_id=1661","name":"Pour qui ? Pourquoi ? ~ Audrey LHEUREUX - Le cabinet des Apprentissages","isPartOf":{"@id":"https:\/\/audreylheureux.com\/#website"},"primaryImageOfPage":{"@id":"https:\/\/audreylheureux.com\/?page_id=1661#primaryimage"},"image":{"@id":"https:\/\/audreylheureux.com\/?page_id=1661#primaryimage"},"thumbnailUrl":"https:\/\/audreylheureux.com\/wp-content\/uploads\/2025\/04\/Logos-3.png","datePublished":"2024-08-08T21:03:34+00:00","dateModified":"2025-04-09T16:35:48+00:00","description":"Pour que chaque enfant puisse surmonter ses difficult\u00e9s, se remotiver, renforcer l'estime de soi et retrouver le plaisir et l'envie d'apprendre.","breadcrumb":{"@id":"https:\/\/audreylheureux.com\/?page_id=1661#breadcrumb"},"inLanguage":"fr-FR","potentialAction":[{"@type":"ReadAction","target":["https:\/\/audreylheureux.com\/?page_id=1661"]}]},{"@type":"ImageObject","inLanguage":"fr-FR","@id":"https:\/\/audreylheureux.com\/?page_id=1661#primaryimage","url":"https:\/\/audreylheureux.com\/wp-content\/uploads\/2025\/04\/Logos-3.png","contentUrl":"https:\/\/audreylheureux.com\/wp-content\/uploads\/2025\/04\/Logos-3.png","width":500,"height":500,"caption":"Logo - le cabinet des apprentissages - Audrey Lheureux"},{"@type":"BreadcrumbList","@id":"https:\/\/audreylheureux.com\/?page_id=1661#breadcrumb","itemListElement":[{"@type":"ListItem","position":1,"name":"Accueil","item":"https:\/\/audreylheureux.com\/"},{"@type":"ListItem","position":2,"name":"Pour qui ? Pourquoi ?"}]},{"@type":"WebSite","@id":"https:\/\/audreylheureux.com\/#website","url":"https:\/\/audreylheureux.com\/","name":"Audrey LHEUREUX - Le cabinet des Apprentissages","description":"Psychop\u00e9dagogue - Orthop\u00e9dagogue - Enseignante sp\u00e9cialis\u00e9e pour l&#039;Education Nationale - Psychologue de l&#039;\u00e9ducation","potentialAction":[{"@type":"SearchAction","target":{"@type":"EntryPoint","urlTemplate":"https:\/\/audreylheureux.com\/?s={search_term_string}"},"query-input":{"@type":"PropertyValueSpecification","valueRequired":true,"valueName":"search_term_string"}}],"inLanguage":"fr-FR"}]}},"_links":{"self":[{"href":"https:\/\/audreylheureux.com\/index.php?rest_route=\/wp\/v2\/pages\/1661","targetHints":{"allow":["GET"]}}],"collection":[{"href":"https:\/\/audreylheureux.com\/index.php?rest_route=\/wp\/v2\/pages"}],"about":[{"href":"https:\/\/audreylheureux.com\/index.php?rest_route=\/wp\/v2\/types\/page"}],"author":[{"embeddable":true,"href":"https:\/\/audreylheureux.com\/index.php?rest_route=\/wp\/v2\/users\/1"}],"replies":[{"embeddable":true,"href":"https:\/\/audreylheureux.com\/index.php?rest_route=%2Fwp%2Fv2%2Fcomments&post=1661"}],"version-history":[{"count":9,"href":"https:\/\/audreylheureux.com\/index.php?rest_route=\/wp\/v2\/pages\/1661\/revisions"}],"predecessor-version":[{"id":1990,"href":"https:\/\/audreylheureux.com\/index.php?rest_route=\/wp\/v2\/pages\/1661\/revisions\/1990"}],"wp:attachment":[{"href":"https:\/\/audreylheureux.com\/index.php?rest_route=%2Fwp%2Fv2%2Fmedia&parent=1661"}],"curies":[{"name":"wp","href":"https:\/\/api.w.org\/{rel}","templated":true}]}}