{"id":1659,"date":"2024-08-08T23:03:34","date_gmt":"2024-08-08T21:03:34","guid":{"rendered":"https:\/\/audreylheureux.com\/?page_id=1659"},"modified":"2025-12-28T19:26:54","modified_gmt":"2025-12-28T18:26:54","slug":"ma-pratique-psychopedagogique","status":"publish","type":"page","link":"https:\/\/audreylheureux.com\/?page_id=1659","title":{"rendered":"Mes pratiques psychop\u00e9dagogiques"},"content":{"rendered":"\n<h2 class=\"wp-block-heading alignfull has-text-align-center has-nv-c-2-color has-text-color has-x-large-font-size\">Mes pratiques psychop\u00e9dagogiques<\/h2>\n\n\n\n<p class=\"has-neve-link-hover-color-color has-nv-site-bg-background-color has-text-color has-background has-link-color wp-elements-5d312dba1746b188bcf562bd323233d0\">Retrouvez dans cet onglet :<\/p>\n\n\n\n<ul class=\"wp-block-list\">\n<li><strong>Mon panel de pratiques :<\/strong> des p\u00e9dagogies innovantes, \u00e9prouv\u00e9es scientifiquement, des supports p\u00e9dagogiques ludiques et multisensoriels, la m\u00e9diation naimale, la m\u00e9diation culturelle et bient\u00f4t d&rsquo;autres \u00e0 venir.<\/li>\n<\/ul>\n\n\n\n<ul class=\"wp-block-list\">\n<li><strong>Mes bilans<\/strong> <strong>psychop\u00e9dagogiques<\/strong> : je dresse un profil complet de votre enfant \u00e0 partir de son anamn\u00e8se, de mes observations, des bilans pratiqu\u00e9s, agr\u00e9ment\u00e9 de conseils aux familles et de recommandations \u00e0 l&rsquo;\u00e9quipe p\u00e9dagogique.<\/li>\n\n\n\n<li><strong>Les parcours sp\u00e9cifiques : <\/strong>dys, et d&rsquo;autres en cours de r\u00e9daction mais d\u00e9j\u00e0 mis en place : TDA-H, apprendre \u00e0 apprendre (autor\u00e9gulation \u00e9motionnelle, et cognitive), &#8230;<\/li>\n<\/ul>\n\n\n\n<div style=\"height:60px\" aria-hidden=\"true\" class=\"wp-block-spacer\"><\/div>\n\n\n\n<div class=\"wp-block-buttons is-content-justification-center is-layout-flex wp-container-core-buttons-is-layout-16018d1d wp-block-buttons-is-layout-flex\">\n<div class=\"wp-block-button\"><a class=\"wp-block-button__link has-neve-link-color-background-color has-background has-text-align-center wp-element-button\" href=\"https:\/\/perfactive.fr\/expertise\/ecury-sur-coole\/audrey-lheureux\">Prendre rendez-vous<\/a><\/div>\n<\/div>\n\n\n\n<div style=\"height:30px\" aria-hidden=\"true\" class=\"wp-block-spacer\"><\/div>\n\n\n<div class=\"wp-block-image\">\n<figure class=\"aligncenter size-full is-resized\"><img loading=\"lazy\" decoding=\"async\" width=\"500\" height=\"500\" src=\"https:\/\/audreylheureux.com\/wp-content\/uploads\/2025\/04\/Logos-3.png\" alt=\"\" class=\"wp-image-1963\" style=\"width:212px;height:auto\" srcset=\"https:\/\/audreylheureux.com\/wp-content\/uploads\/2025\/04\/Logos-3.png 500w, https:\/\/audreylheureux.com\/wp-content\/uploads\/2025\/04\/Logos-3-300x300.png 300w, https:\/\/audreylheureux.com\/wp-content\/uploads\/2025\/04\/Logos-3-150x150.png 150w, https:\/\/audreylheureux.com\/wp-content\/uploads\/2025\/04\/Logos-3-100x100.png 100w\" sizes=\"auto, (max-width: 500px) 100vw, 500px\" \/><\/figure>\n<\/div>\n\n\n<div style=\"height:30px\" aria-hidden=\"true\" class=\"wp-block-spacer\"><\/div>\n\n\n\n<div class=\"wp-block-buttons is-content-justification-center is-layout-flex wp-container-core-buttons-is-layout-16018d1d wp-block-buttons-is-layout-flex\">\n<div class=\"wp-block-button\"><a class=\"wp-block-button__link has-neve-link-color-background-color has-background has-medium-font-size has-custom-font-size wp-element-button\" href=\"https:\/\/perfactive.fr\/expertise\/ecury-sur-coole\/audrey-lheureux\" style=\"border-radius:100px\">Prendre rendez-vous<\/a><\/div>\n<\/div>\n\n\n\n<div style=\"height:30px\" aria-hidden=\"true\" class=\"wp-block-spacer\"><\/div>\n\n\n\n<p><\/p>\n","protected":false},"excerpt":{"rendered":"<p>Mes pratiques psychop\u00e9dagogiques Retrouvez dans cet onglet :<\/p>\n","protected":false},"author":1,"featured_media":1963,"parent":0,"menu_order":0,"comment_status":"closed","ping_status":"closed","template":"","meta":{"neve_meta_sidebar":"","neve_meta_container":"","neve_meta_enable_content_width":"","neve_meta_content_width":0,"neve_meta_title_alignment":"","neve_meta_author_avatar":"","neve_post_elements_order":"","neve_meta_disable_header":"","neve_meta_disable_footer":"","neve_meta_disable_title":"","_themeisle_gutenberg_block_has_review":false,"footnotes":""},"class_list":["post-1659","page","type-page","status-publish","has-post-thumbnail","hentry"],"yoast_head":"<!-- This site is optimized with the Yoast SEO plugin v27.5 - https:\/\/yoast.com\/product\/yoast-seo-wordpress\/ -->\n<title>Mes pratiques psychop\u00e9dagogiques<\/title>\n<meta name=\"description\" content=\"Audrey Lheureux - psychop\u00e9dagogie.\" \/>\n<meta name=\"robots\" content=\"index, follow, max-snippet:-1, max-image-preview:large, max-video-preview:-1\" \/>\n<link rel=\"canonical\" href=\"https:\/\/audreylheureux.com\/?page_id=1659\" \/>\n<meta property=\"og:locale\" content=\"fr_FR\" \/>\n<meta property=\"og:type\" content=\"article\" \/>\n<meta property=\"og:title\" content=\"Mes pratiques psychop\u00e9dagogiques\" \/>\n<meta property=\"og:description\" content=\"Audrey Lheureux - psychop\u00e9dagogie.\" \/>\n<meta property=\"og:url\" content=\"https:\/\/audreylheureux.com\/?page_id=1659\" \/>\n<meta property=\"og:site_name\" content=\"Audrey LHEUREUX - Le cabinet des Apprentissages\" \/>\n<meta property=\"article:publisher\" content=\"https:\/\/www.facebook.com\/profile.php?id=61551690980053\" \/>\n<meta property=\"article:modified_time\" content=\"2025-12-28T18:26:54+00:00\" \/>\n<meta property=\"og:image\" content=\"https:\/\/audreylheureux.com\/wp-content\/uploads\/2025\/04\/Logos-3.png\" \/>\n\t<meta property=\"og:image:width\" content=\"500\" \/>\n\t<meta property=\"og:image:height\" content=\"500\" \/>\n\t<meta property=\"og:image:type\" content=\"image\/png\" \/>\n<meta name=\"twitter:card\" content=\"summary_large_image\" \/>\n<meta name=\"twitter:label1\" content=\"Dur\u00e9e de lecture estim\u00e9e\" \/>\n\t<meta name=\"twitter:data1\" content=\"1 minute\" \/>\n<script type=\"application\/ld+json\" class=\"yoast-schema-graph\">{\"@context\":\"https:\\\/\\\/schema.org\",\"@graph\":[{\"@type\":\"WebPage\",\"@id\":\"https:\\\/\\\/audreylheureux.com\\\/?page_id=1659\",\"url\":\"https:\\\/\\\/audreylheureux.com\\\/?page_id=1659\",\"name\":\"Mes pratiques psychop\u00e9dagogiques\",\"isPartOf\":{\"@id\":\"https:\\\/\\\/audreylheureux.com\\\/#website\"},\"primaryImageOfPage\":{\"@id\":\"https:\\\/\\\/audreylheureux.com\\\/?page_id=1659#primaryimage\"},\"image\":{\"@id\":\"https:\\\/\\\/audreylheureux.com\\\/?page_id=1659#primaryimage\"},\"thumbnailUrl\":\"https:\\\/\\\/audreylheureux.com\\\/wp-content\\\/uploads\\\/2025\\\/04\\\/Logos-3.png\",\"datePublished\":\"2024-08-08T21:03:34+00:00\",\"dateModified\":\"2025-12-28T18:26:54+00:00\",\"description\":\"Audrey Lheureux - psychop\u00e9dagogie.\",\"breadcrumb\":{\"@id\":\"https:\\\/\\\/audreylheureux.com\\\/?page_id=1659#breadcrumb\"},\"inLanguage\":\"fr-FR\",\"potentialAction\":[{\"@type\":\"ReadAction\",\"target\":[\"https:\\\/\\\/audreylheureux.com\\\/?page_id=1659\"]}]},{\"@type\":\"ImageObject\",\"inLanguage\":\"fr-FR\",\"@id\":\"https:\\\/\\\/audreylheureux.com\\\/?page_id=1659#primaryimage\",\"url\":\"https:\\\/\\\/audreylheureux.com\\\/wp-content\\\/uploads\\\/2025\\\/04\\\/Logos-3.png\",\"contentUrl\":\"https:\\\/\\\/audreylheureux.com\\\/wp-content\\\/uploads\\\/2025\\\/04\\\/Logos-3.png\",\"width\":500,\"height\":500,\"caption\":\"Logo - le cabinet des apprentissages - Audrey Lheureux\"},{\"@type\":\"BreadcrumbList\",\"@id\":\"https:\\\/\\\/audreylheureux.com\\\/?page_id=1659#breadcrumb\",\"itemListElement\":[{\"@type\":\"ListItem\",\"position\":1,\"name\":\"Accueil\",\"item\":\"https:\\\/\\\/audreylheureux.com\\\/\"},{\"@type\":\"ListItem\",\"position\":2,\"name\":\"Mes pratiques psychop\u00e9dagogiques\"}]},{\"@type\":\"WebSite\",\"@id\":\"https:\\\/\\\/audreylheureux.com\\\/#website\",\"url\":\"https:\\\/\\\/audreylheureux.com\\\/\",\"name\":\"Audrey LHEUREUX - Le cabinet des Apprentissages\",\"description\":\"Psychop\u00e9dagogue - Orthop\u00e9dagogue - Enseignante sp\u00e9cialis\u00e9e pour l&#039;Education Nationale - Psychologue de l&#039;\u00e9ducation\",\"potentialAction\":[{\"@type\":\"SearchAction\",\"target\":{\"@type\":\"EntryPoint\",\"urlTemplate\":\"https:\\\/\\\/audreylheureux.com\\\/?s={search_term_string}\"},\"query-input\":{\"@type\":\"PropertyValueSpecification\",\"valueRequired\":true,\"valueName\":\"search_term_string\"}}],\"inLanguage\":\"fr-FR\"}]}<\/script>\n<!-- \/ Yoast SEO plugin. -->","yoast_head_json":{"title":"Mes pratiques psychop\u00e9dagogiques","description":"Audrey Lheureux - psychop\u00e9dagogie.","robots":{"index":"index","follow":"follow","max-snippet":"max-snippet:-1","max-image-preview":"max-image-preview:large","max-video-preview":"max-video-preview:-1"},"canonical":"https:\/\/audreylheureux.com\/?page_id=1659","og_locale":"fr_FR","og_type":"article","og_title":"Mes pratiques psychop\u00e9dagogiques","og_description":"Audrey Lheureux - psychop\u00e9dagogie.","og_url":"https:\/\/audreylheureux.com\/?page_id=1659","og_site_name":"Audrey LHEUREUX - Le cabinet des Apprentissages","article_publisher":"https:\/\/www.facebook.com\/profile.php?id=61551690980053","article_modified_time":"2025-12-28T18:26:54+00:00","og_image":[{"width":500,"height":500,"url":"https:\/\/audreylheureux.com\/wp-content\/uploads\/2025\/04\/Logos-3.png","type":"image\/png"}],"twitter_card":"summary_large_image","twitter_misc":{"Dur\u00e9e de lecture estim\u00e9e":"1 minute"},"schema":{"@context":"https:\/\/schema.org","@graph":[{"@type":"WebPage","@id":"https:\/\/audreylheureux.com\/?page_id=1659","url":"https:\/\/audreylheureux.com\/?page_id=1659","name":"Mes pratiques psychop\u00e9dagogiques","isPartOf":{"@id":"https:\/\/audreylheureux.com\/#website"},"primaryImageOfPage":{"@id":"https:\/\/audreylheureux.com\/?page_id=1659#primaryimage"},"image":{"@id":"https:\/\/audreylheureux.com\/?page_id=1659#primaryimage"},"thumbnailUrl":"https:\/\/audreylheureux.com\/wp-content\/uploads\/2025\/04\/Logos-3.png","datePublished":"2024-08-08T21:03:34+00:00","dateModified":"2025-12-28T18:26:54+00:00","description":"Audrey Lheureux - psychop\u00e9dagogie.","breadcrumb":{"@id":"https:\/\/audreylheureux.com\/?page_id=1659#breadcrumb"},"inLanguage":"fr-FR","potentialAction":[{"@type":"ReadAction","target":["https:\/\/audreylheureux.com\/?page_id=1659"]}]},{"@type":"ImageObject","inLanguage":"fr-FR","@id":"https:\/\/audreylheureux.com\/?page_id=1659#primaryimage","url":"https:\/\/audreylheureux.com\/wp-content\/uploads\/2025\/04\/Logos-3.png","contentUrl":"https:\/\/audreylheureux.com\/wp-content\/uploads\/2025\/04\/Logos-3.png","width":500,"height":500,"caption":"Logo - le cabinet des apprentissages - Audrey Lheureux"},{"@type":"BreadcrumbList","@id":"https:\/\/audreylheureux.com\/?page_id=1659#breadcrumb","itemListElement":[{"@type":"ListItem","position":1,"name":"Accueil","item":"https:\/\/audreylheureux.com\/"},{"@type":"ListItem","position":2,"name":"Mes pratiques psychop\u00e9dagogiques"}]},{"@type":"WebSite","@id":"https:\/\/audreylheureux.com\/#website","url":"https:\/\/audreylheureux.com\/","name":"Audrey LHEUREUX - Le cabinet des Apprentissages","description":"Psychop\u00e9dagogue - Orthop\u00e9dagogue - Enseignante sp\u00e9cialis\u00e9e pour l&#039;Education Nationale - Psychologue de l&#039;\u00e9ducation","potentialAction":[{"@type":"SearchAction","target":{"@type":"EntryPoint","urlTemplate":"https:\/\/audreylheureux.com\/?s={search_term_string}"},"query-input":{"@type":"PropertyValueSpecification","valueRequired":true,"valueName":"search_term_string"}}],"inLanguage":"fr-FR"}]}},"_links":{"self":[{"href":"https:\/\/audreylheureux.com\/index.php?rest_route=\/wp\/v2\/pages\/1659","targetHints":{"allow":["GET"]}}],"collection":[{"href":"https:\/\/audreylheureux.com\/index.php?rest_route=\/wp\/v2\/pages"}],"about":[{"href":"https:\/\/audreylheureux.com\/index.php?rest_route=\/wp\/v2\/types\/page"}],"author":[{"embeddable":true,"href":"https:\/\/audreylheureux.com\/index.php?rest_route=\/wp\/v2\/users\/1"}],"replies":[{"embeddable":true,"href":"https:\/\/audreylheureux.com\/index.php?rest_route=%2Fwp%2Fv2%2Fcomments&post=1659"}],"version-history":[{"count":14,"href":"https:\/\/audreylheureux.com\/index.php?rest_route=\/wp\/v2\/pages\/1659\/revisions"}],"predecessor-version":[{"id":2080,"href":"https:\/\/audreylheureux.com\/index.php?rest_route=\/wp\/v2\/pages\/1659\/revisions\/2080"}],"wp:featuredmedia":[{"embeddable":true,"href":"https:\/\/audreylheureux.com\/index.php?rest_route=\/wp\/v2\/media\/1963"}],"wp:attachment":[{"href":"https:\/\/audreylheureux.com\/index.php?rest_route=%2Fwp%2Fv2%2Fmedia&parent=1659"}],"curies":[{"name":"wp","href":"https:\/\/api.w.org\/{rel}","templated":true}]}}